{"id":2,"date":"2026-02-23T20:33:32","date_gmt":"2026-02-23T20:33:32","guid":{"rendered":"https:\/\/e95root.noblogs.org\/?page_id=2"},"modified":"2026-02-23T23:35:44","modified_gmt":"2026-02-23T23:35:44","slug":"la-realidad-que-el-sistema-no-computa","status":"publish","type":"page","link":"https:\/\/e95root.noblogs.org\/","title":{"rendered":"Protocolo 0.0: La Realidad que el Sistema no Computa"},"content":{"rendered":"\r\n<p>El 5% de lo que percibes es una construcci\u00f3n dise\u00f1ada para tu control. El resto \u2014la <strong>Realidad Absoluta<\/strong>\u2014 es el espacio donde operamos.<\/p>\r\n\r\n\r\n\r\n<p><strong>Entrop\u00eda 95<\/strong> nace como un s\u00edncope en la narrativa impuesta. No somos una agencia, no somos una empresa, no somos un individuo. Somos el residuo de la informaci\u00f3n que el sistema intent\u00f3 borrar y no pudo.<\/p>\r\n\r\n\r\n\r\n<p>Este espacio servir\u00e1 como repositorio para el an\u00e1lisis de inteligencia, la disecci\u00f3n conductual y la exposici\u00f3n de din\u00e1micas de poder que ocurren en el espectro invisible. Aqu\u00ed, el caos no es desorden; es la libertad de la informaci\u00f3n recuperando su estado natural.<\/p>\r\n\r\n\r\n\r\n<p><strong>Lo que encontrar\u00e1s aqu\u00ed:<\/strong><\/p>\r\n\r\n\r\n\r\n<ul class=\"wp-block-list\">\r\n<li>An\u00e1lisis de escenarios estrat\u00e9gicos desde la periferia.<\/li>\r\n\r\n\r\n\r\n<li>Desglose de estructuras de control invisible.<\/li>\r\n\r\n\r\n\r\n<li>Inteligencia aplicada para la soberan\u00eda del individuo.<\/li>\r\n<\/ul>\r\n\r\n\r\n\r\n<p>No busques una fuente. No busques un nombre. Busca el patr\u00f3n en la entrop\u00eda.<\/p>\r\n\r\n\r\n\r\n<p><strong>\u2014 Root<\/strong><\/p>\r\n\r\n\r\n\r\n<p>&nbsp;<\/p>\r\n","protected":false},"excerpt":{"rendered":"<p>El 5% de lo que percibes es una construcci\u00f3n dise\u00f1ada para tu control. El resto \u2014la Realidad Absoluta\u2014 es el espacio donde operamos. Entrop\u00eda 95 nace como un s\u00edncope en la narrativa impuesta. No somos una agencia, no somos una empresa, no somos un individuo. Somos el residuo de la informaci\u00f3n que el sistema intent\u00f3 [&hellip;]<\/p>\n","protected":false},"author":21727,"featured_media":0,"parent":0,"menu_order":0,"comment_status":"closed","ping_status":"open","template":"","meta":{"footnotes":""},"class_list":["post-2","page","type-page","status-publish","hentry"],"_links":{"self":[{"href":"https:\/\/e95root.noblogs.org\/index.php?rest_route=\/wp\/v2\/pages\/2","targetHints":{"allow":["GET"]}}],"collection":[{"href":"https:\/\/e95root.noblogs.org\/index.php?rest_route=\/wp\/v2\/pages"}],"about":[{"href":"https:\/\/e95root.noblogs.org\/index.php?rest_route=\/wp\/v2\/types\/page"}],"author":[{"embeddable":true,"href":"https:\/\/e95root.noblogs.org\/index.php?rest_route=\/wp\/v2\/users\/21727"}],"replies":[{"embeddable":true,"href":"https:\/\/e95root.noblogs.org\/index.php?rest_route=%2Fwp%2Fv2%2Fcomments&post=2"}],"version-history":[{"count":2,"href":"https:\/\/e95root.noblogs.org\/index.php?rest_route=\/wp\/v2\/pages\/2\/revisions"}],"predecessor-version":[{"id":28,"href":"https:\/\/e95root.noblogs.org\/index.php?rest_route=\/wp\/v2\/pages\/2\/revisions\/28"}],"wp:attachment":[{"href":"https:\/\/e95root.noblogs.org\/index.php?rest_route=%2Fwp%2Fv2%2Fmedia&parent=2"}],"curies":[{"name":"wp","href":"https:\/\/api.w.org\/{rel}","templated":true}]}}